{"id":5244,"date":"2026-05-15T10:36:40","date_gmt":"2026-05-15T13:36:40","guid":{"rendered":"https:\/\/estgp.com.br\/estgp\/?page_id=5244"},"modified":"2026-05-15T11:14:17","modified_gmt":"2026-05-15T14:14:17","slug":"fora-do-ar","status":"publish","type":"page","link":"https:\/\/estgp.com.br\/estgp\/","title":{"rendered":"Manuten\u00e7\u00e3o Provis\u00f3ria"},"content":{"rendered":"\n<figure class=\"wp-block-image alignfull size-full\"><img loading=\"lazy\" decoding=\"async\" width=\"2381\" height=\"2560\" src=\"https:\/\/estgp.com.br\/estgp\/wp-content\/uploads\/2026\/05\/est-Pagina-Temporaria-scaled.jpg\" alt=\"\" class=\"wp-image-5247\" srcset=\"https:\/\/estgp.com.br\/estgp\/wp-content\/uploads\/2026\/05\/est-Pagina-Temporaria-scaled.jpg 2381w, https:\/\/estgp.com.br\/estgp\/wp-content\/uploads\/2026\/05\/est-Pagina-Temporaria-279x300.jpg 279w, https:\/\/estgp.com.br\/estgp\/wp-content\/uploads\/2026\/05\/est-Pagina-Temporaria-953x1024.jpg 953w, https:\/\/estgp.com.br\/estgp\/wp-content\/uploads\/2026\/05\/est-Pagina-Temporaria-768x826.jpg 768w, https:\/\/estgp.com.br\/estgp\/wp-content\/uploads\/2026\/05\/est-Pagina-Temporaria-1429x1536.jpg 1429w, https:\/\/estgp.com.br\/estgp\/wp-content\/uploads\/2026\/05\/est-Pagina-Temporaria-1905x2048.jpg 1905w\" sizes=\"auto, (max-width: 2381px) 100vw, 2381px\" \/><\/figure>\n","protected":false},"excerpt":{"rendered":"","protected":false},"author":1,"featured_media":0,"parent":0,"menu_order":0,"comment_status":"closed","ping_status":"closed","template":"","meta":{"footnotes":""},"class_list":["post-5244","page","type-page","status-publish","hentry"],"_links":{"self":[{"href":"https:\/\/estgp.com.br\/estgp\/wp-json\/wp\/v2\/pages\/5244","targetHints":{"allow":["GET"]}}],"collection":[{"href":"https:\/\/estgp.com.br\/estgp\/wp-json\/wp\/v2\/pages"}],"about":[{"href":"https:\/\/estgp.com.br\/estgp\/wp-json\/wp\/v2\/types\/page"}],"author":[{"embeddable":true,"href":"https:\/\/estgp.com.br\/estgp\/wp-json\/wp\/v2\/users\/1"}],"replies":[{"embeddable":true,"href":"https:\/\/estgp.com.br\/estgp\/wp-json\/wp\/v2\/comments?post=5244"}],"version-history":[{"count":6,"href":"https:\/\/estgp.com.br\/estgp\/wp-json\/wp\/v2\/pages\/5244\/revisions"}],"predecessor-version":[{"id":5253,"href":"https:\/\/estgp.com.br\/estgp\/wp-json\/wp\/v2\/pages\/5244\/revisions\/5253"}],"wp:attachment":[{"href":"https:\/\/estgp.com.br\/estgp\/wp-json\/wp\/v2\/media?parent=5244"}],"curies":[{"name":"wp","href":"https:\/\/api.w.org\/{rel}","templated":true}]}}